{"id":2,"date":"2019-11-15T02:12:23","date_gmt":"2019-11-15T02:12:23","guid":{"rendered":"https:\/\/box5261\/cgi\/addon_GT.cgi?s=GT::WP::Install::EIG+%28tubiznec%29+-+10.0.87.65+%5BWordPress%3b+\/var\/hp\/common\/lib\/WordPress.pm%3b+258%3b+Hosting::gap_call%5D\/?page_id=2"},"modified":"2019-12-03T08:54:59","modified_gmt":"2019-12-03T08:54:59","slug":"sample-page","status":"publish","type":"page","link":"https:\/\/clinicasdentalesbonitasmile.com\/?page_id=2","title":{"rendered":"Sobre Bonita Smile"},"content":{"rendered":"\n<p>En las cl\u00ednicas dentales Bonita Smile sabemos que la salud de su boca es lo m\u00e1s importante. Pero la salud de su bolsillo tambi\u00e9n. Contamos con los mejores especialistas en el ramo , ademas de la tecnologia de punta , gracias al apoyo de la fundacion Doy Esperanza A.C. fundada en el 2005 en Londres Inglaterra . Por el activista Alister Sanders . <br>Por eso nos dedicamos a ofrecer la m\u00e1xima calidad en nuestros tratamientos dentales a precios muy accesibles. Y sin olvidarnos de la atenci\u00f3n personalizada a todos nuestros pacientes.<\/p>\n\n\n\n<figure class=\"wp-block-image size-large is-style-default\"><img data-recalc-dims=\"1\" loading=\"lazy\" decoding=\"async\" width=\"626\" height=\"417\" src=\"https:\/\/i0.wp.com\/clinicasdentalesbonitasmile.com\/wp-content\/uploads\/2019\/11\/boni1.jpg?resize=626%2C417\" alt=\"\" class=\"wp-image-26\" srcset=\"https:\/\/i0.wp.com\/clinicasdentalesbonitasmile.com\/wp-content\/uploads\/2019\/11\/boni1.jpg?w=626&amp;ssl=1 626w, https:\/\/i0.wp.com\/clinicasdentalesbonitasmile.com\/wp-content\/uploads\/2019\/11\/boni1.jpg?resize=300%2C200&amp;ssl=1 300w\" sizes=\"auto, (max-width: 626px) 100vw, 626px\" \/><\/figure>\n\n\n\n<p><\/p>\n","protected":false},"excerpt":{"rendered":"<p>En las cl\u00ednicas dentales Bonita Smile sabemos que la salud de su boca es lo m\u00e1s importante. Pero la salud de su bolsillo tambi\u00e9n. Contamos con los mejores especialistas en el ramo , ademas de la tecnologia de punta , gracias al apoyo de la fundacion Doy Esperanza A.C. fundada en el 2005 en Londres [&hellip;]<\/p>\n","protected":false},"author":1,"featured_media":0,"parent":0,"menu_order":0,"comment_status":"closed","ping_status":"open","template":"","meta":{"nf_dc_page":"","om_disable_all_campaigns":false,"_monsterinsights_skip_tracking":false,"_monsterinsights_sitenote_active":false,"_monsterinsights_sitenote_note":"","_monsterinsights_sitenote_category":0,"footnotes":""},"class_list":["post-2","page","type-page","status-publish","hentry"],"jetpack_sharing_enabled":true,"_links":{"self":[{"href":"https:\/\/clinicasdentalesbonitasmile.com\/index.php?rest_route=\/wp\/v2\/pages\/2","targetHints":{"allow":["GET"]}}],"collection":[{"href":"https:\/\/clinicasdentalesbonitasmile.com\/index.php?rest_route=\/wp\/v2\/pages"}],"about":[{"href":"https:\/\/clinicasdentalesbonitasmile.com\/index.php?rest_route=\/wp\/v2\/types\/page"}],"author":[{"embeddable":true,"href":"https:\/\/clinicasdentalesbonitasmile.com\/index.php?rest_route=\/wp\/v2\/users\/1"}],"replies":[{"embeddable":true,"href":"https:\/\/clinicasdentalesbonitasmile.com\/index.php?rest_route=%2Fwp%2Fv2%2Fcomments&post=2"}],"version-history":[{"count":3,"href":"https:\/\/clinicasdentalesbonitasmile.com\/index.php?rest_route=\/wp\/v2\/pages\/2\/revisions"}],"predecessor-version":[{"id":195,"href":"https:\/\/clinicasdentalesbonitasmile.com\/index.php?rest_route=\/wp\/v2\/pages\/2\/revisions\/195"}],"wp:attachment":[{"href":"https:\/\/clinicasdentalesbonitasmile.com\/index.php?rest_route=%2Fwp%2Fv2%2Fmedia&parent=2"}],"curies":[{"name":"wp","href":"https:\/\/api.w.org\/{rel}","templated":true}]}}